{"id":2670,"date":"2015-07-16T14:24:02","date_gmt":"2015-07-16T14:24:02","guid":{"rendered":"https:\/\/skg-ssdp.ch\/events\/"},"modified":"2026-02-26T17:47:37","modified_gmt":"2026-02-26T17:47:37","slug":"evenements","status":"publish","type":"page","link":"https:\/\/skg-ssdp.ch\/fr\/evenements\/","title":{"rendered":"\u00c9V\u00c9NEMENTS"},"content":{"rendered":"<div class=\"wpb-content-wrapper\"><p>[vc_row css=\u00a0\u00bb.vc_custom_1540385818906{margin-top: 20px !important;margin-right: 0px !important;margin-bottom: 0px !important;margin-left: 0px !important;}\u00a0\u00bb][vc_column css=\u00a0\u00bb.vc_custom_1540371633131{margin-top: 0px !important;margin-right: 0px !important;margin-bottom: 50px !important;margin-left: 0px !important;}\u00a0\u00bb][vc_column_text]<\/p>\n<h2 style=\"text-align: center;\">\u00c9V\u00c9NEMENTS<\/h2>\n<p>[\/vc_column_text][\/vc_column][\/vc_row][vc_row css=\u00a0\u00bb.vc_custom_1540398003487{margin-bottom: 20px !important;}\u00a0\u00bb][vc_column width=\u00a0\u00bb1\/2&Prime;][vc_column_text]La Soci\u00e9t\u00e9 suisse de droit p\u00e9nal a pour but de favoriser l&rsquo;application du droit p\u00e9nal et la pr\u00e9ven-tion des d\u00e9lits, de cultiver entre ses membres des rapports de coll\u00e9gialit\u00e9, ainsi que de veiller \u00e0 leur collaboration de canton \u00e0 canton par l&rsquo;\u00e9change de leurs exp\u00e9riences dans le domaine du droit p\u00e9nal, de la proc\u00e9dure et de la police et d&rsquo;\u00e9tablir et de maintenir les contacts avec les soci\u00e9t\u00e9s suisses ou \u00e9trang\u00e8res qui poursuivent des buts analogues.[\/vc_column_text][\/vc_column][vc_column width=\u00a0\u00bb1\/2&Prime;][\/vc_column][\/vc_row][vc_row][vc_column css=\u00a0\u00bb.vc_custom_1540304494349{margin-bottom: 30px !important;}\u00a0\u00bb][vc_separator color=\u00a0\u00bbcustom\u00a0\u00bb accent_color=\u00a0\u00bb#f3997a\u00a0\u00bb][\/vc_column][\/vc_row][vc_row][vc_column width=\u00a0\u00bb1\/2&Prime;][vc_column_text css=\u00a0\u00bb\u00a0\u00bb]<\/p>\n<h3>CONGR\u00c8S ANNUEL 2026<\/h3>\n<p>L&rsquo;\u00e9v\u00e9nement sur le th\u00e8me \u00abAI et proc\u00e9dure p\u00e9nale\u00bb aura lieu les<br \/>\n11 et 12 juin 2026 \u00e0 Montreux (<a href=\"https:\/\/www.vd.ch\/mp\/ssdp2026\">SSDP2026 | \u00c9tat de Vaud<\/a>).<\/p>\n<ul>\n<li><a href=\"https:\/\/skg-ssdp.ch\/wp-content\/uploads\/2026\/02\/Einladung.pdf\">Invitation<\/a><\/li>\n<li><a href=\"https:\/\/skg-ssdp.ch\/wp-content\/uploads\/2026\/02\/Programm-1.pdf\">Programme scientifique<\/a><\/li>\n<li><a href=\"https:\/\/skg-ssdp.ch\/wp-content\/uploads\/2026\/02\/Synopse-1.pdf\">Synopsis<\/a> \/ <a href=\"https:\/\/skg-ssdp.ch\/wp-content\/uploads\/2026\/02\/Statuten-rev-fr-1.pdf\">Statuts r\u00e9vis\u00e9s<\/a><\/li>\n<\/ul>\n<p>[\/vc_column_text][\/vc_column][vc_column width=\u00a0\u00bb1\/2&Prime;][vc_single_image image=\u00a0\u00bb3692&Prime; img_size=\u00a0\u00bbfull\u00a0\u00bb css=\u00a0\u00bb\u00a0\u00bb][\/vc_column][\/vc_row][vc_row][vc_column css=\u00a0\u00bb.vc_custom_1540304494349{margin-bottom: 30px !important;}\u00a0\u00bb][vc_separator color=\u00a0\u00bbcustom\u00a0\u00bb accent_color=\u00a0\u00bb#f3997a\u00a0\u00bb][\/vc_column][\/vc_row][vc_row][vc_column width=\u00a0\u00bb1\/2&Prime;][vc_single_image image=\u00a0\u00bb2871&Prime; img_size=\u00a0\u00bbfull\u00a0\u00bb css=\u00a0\u00bb\u00a0\u00bb][\/vc_column][vc_column width=\u00a0\u00bb1\/2&Prime;][vc_column_text css=\u00a0\u00bb\u00a0\u00bb]<\/p>\n<h3>INSTRUKTIONSKURS 2026<\/h3>\n<p>Die Veranstaltung zum Thema\u00a0\u00abDas Opfer im Strafrecht\u00bb findet am 29. und 30. Oktober 2026 im Jungfrau Victoria in Interlaken statt. Weitere Informationen folgen.[\/vc_column_text][\/vc_column][\/vc_row]<\/p>\n<\/div>","protected":false},"excerpt":{"rendered":"<p>[vc_row css=\u00a0\u00bb.vc_custom_1540385818906{margin-top: 20px !important;margin-right: 0px !important;margin-bottom: 0px !important;margin-left: 0px !important;}\u00a0\u00bb][vc_column css=\u00a0\u00bb.vc_custom_1540371633131{margin-top: 0px !important;margin-right: 0px !important;margin-bottom: 50px !important;margin-left: 0px !important;}\u00a0\u00bb][vc_column_text] \u00c9V\u00c9NEMENTS [\/vc_column_text][\/vc_column][\/vc_row][vc_row css=\u00a0\u00bb.vc_custom_1540398003487{margin-bottom: 20px !important;}\u00a0\u00bb][vc_column width=\u00a0\u00bb1\/2&Prime;][vc_column_text]La Soci\u00e9t\u00e9<span class=\"excerpt-hellip\"> [\u2026]<\/span><\/p>\n","protected":false},"author":1,"featured_media":-1,"parent":0,"menu_order":0,"comment_status":"closed","ping_status":"closed","template":"","meta":{"footnotes":""},"class_list":["post-2670","page","type-page","status-publish","has-post-thumbnail","hentry"],"yoast_head":"<!-- This site is optimized with the Yoast SEO plugin v26.9 - https:\/\/yoast.com\/product\/yoast-seo-wordpress\/ -->\n<title>\u00c9V\u00c9NEMENTS - skg-ssdp<\/title>\n<meta name=\"robots\" content=\"index, follow, max-snippet:-1, max-image-preview:large, max-video-preview:-1\" \/>\n<link rel=\"canonical\" href=\"https:\/\/skg-ssdp.ch\/fr\/evenements\/\" \/>\n<meta property=\"og:locale\" content=\"fr_FR\" \/>\n<meta property=\"og:type\" content=\"article\" \/>\n<meta property=\"og:title\" content=\"\u00c9V\u00c9NEMENTS - skg-ssdp\" \/>\n<meta property=\"og:description\" content=\"[vc_row css=\u00a0\u00bb.vc_custom_1540385818906{margin-top: 20px !important;margin-right: 0px !important;margin-bottom: 0px !important;margin-left: 0px !important;}\u00a0\u00bb][vc_column css=\u00a0\u00bb.vc_custom_1540371633131{margin-top: 0px !important;margin-right: 0px !important;margin-bottom: 50px !important;margin-left: 0px !important;}\u00a0\u00bb][vc_column_text] \u00c9V\u00c9NEMENTS [\/vc_column_text][\/vc_column][\/vc_row][vc_row css=\u00a0\u00bb.vc_custom_1540398003487{margin-bottom: 20px !important;}\u00a0\u00bb][vc_column width=\u00a0\u00bb1\/2&Prime;][vc_column_text]La Soci\u00e9t\u00e9 [\u2026]\" \/>\n<meta property=\"og:url\" content=\"https:\/\/skg-ssdp.ch\/fr\/evenements\/\" \/>\n<meta property=\"og:site_name\" content=\"skg-ssdp\" \/>\n<meta property=\"article:modified_time\" content=\"2026-02-26T17:47:37+00:00\" \/>\n<meta name=\"twitter:card\" content=\"summary_large_image\" \/>\n<meta name=\"twitter:label1\" content=\"Dur\u00e9e de lecture estim\u00e9e\" \/>\n\t<meta name=\"twitter:data1\" content=\"2 minutes\" \/>\n<script type=\"application\/ld+json\" class=\"yoast-schema-graph\">{\"@context\":\"https:\/\/schema.org\",\"@graph\":[{\"@type\":\"WebPage\",\"@id\":\"https:\/\/skg-ssdp.ch\/fr\/evenements\/\",\"url\":\"https:\/\/skg-ssdp.ch\/fr\/evenements\/\",\"name\":\"\u00c9V\u00c9NEMENTS - skg-ssdp\",\"isPartOf\":{\"@id\":\"https:\/\/skg-ssdp.ch\/#website\"},\"datePublished\":\"2015-07-16T14:24:02+00:00\",\"dateModified\":\"2026-02-26T17:47:37+00:00\",\"breadcrumb\":{\"@id\":\"https:\/\/skg-ssdp.ch\/fr\/evenements\/#breadcrumb\"},\"inLanguage\":\"fr-FR\",\"potentialAction\":[{\"@type\":\"ReadAction\",\"target\":[\"https:\/\/skg-ssdp.ch\/fr\/evenements\/\"]}]},{\"@type\":\"BreadcrumbList\",\"@id\":\"https:\/\/skg-ssdp.ch\/fr\/evenements\/#breadcrumb\",\"itemListElement\":[{\"@type\":\"ListItem\",\"position\":1,\"name\":\"Startseite\",\"item\":\"https:\/\/skg-ssdp.ch\/fr\/\"},{\"@type\":\"ListItem\",\"position\":2,\"name\":\"\u00c9V\u00c9NEMENTS\"}]},{\"@type\":\"WebSite\",\"@id\":\"https:\/\/skg-ssdp.ch\/#website\",\"url\":\"https:\/\/skg-ssdp.ch\/\",\"name\":\"skg-ssdp\",\"description\":\"Schweizerische Kriminalistische Gesellschaft\",\"potentialAction\":[{\"@type\":\"SearchAction\",\"target\":{\"@type\":\"EntryPoint\",\"urlTemplate\":\"https:\/\/skg-ssdp.ch\/?s={search_term_string}\"},\"query-input\":{\"@type\":\"PropertyValueSpecification\",\"valueRequired\":true,\"valueName\":\"search_term_string\"}}],\"inLanguage\":\"fr-FR\"}]}<\/script>\n<!-- \/ Yoast SEO plugin. -->","yoast_head_json":{"title":"\u00c9V\u00c9NEMENTS - skg-ssdp","robots":{"index":"index","follow":"follow","max-snippet":"max-snippet:-1","max-image-preview":"max-image-preview:large","max-video-preview":"max-video-preview:-1"},"canonical":"https:\/\/skg-ssdp.ch\/fr\/evenements\/","og_locale":"fr_FR","og_type":"article","og_title":"\u00c9V\u00c9NEMENTS - skg-ssdp","og_description":"[vc_row css=\u00a0\u00bb.vc_custom_1540385818906{margin-top: 20px !important;margin-right: 0px !important;margin-bottom: 0px !important;margin-left: 0px !important;}\u00a0\u00bb][vc_column css=\u00a0\u00bb.vc_custom_1540371633131{margin-top: 0px !important;margin-right: 0px !important;margin-bottom: 50px !important;margin-left: 0px !important;}\u00a0\u00bb][vc_column_text] \u00c9V\u00c9NEMENTS [\/vc_column_text][\/vc_column][\/vc_row][vc_row css=\u00a0\u00bb.vc_custom_1540398003487{margin-bottom: 20px !important;}\u00a0\u00bb][vc_column width=\u00a0\u00bb1\/2&Prime;][vc_column_text]La Soci\u00e9t\u00e9 [\u2026]","og_url":"https:\/\/skg-ssdp.ch\/fr\/evenements\/","og_site_name":"skg-ssdp","article_modified_time":"2026-02-26T17:47:37+00:00","twitter_card":"summary_large_image","twitter_misc":{"Dur\u00e9e de lecture estim\u00e9e":"2 minutes"},"schema":{"@context":"https:\/\/schema.org","@graph":[{"@type":"WebPage","@id":"https:\/\/skg-ssdp.ch\/fr\/evenements\/","url":"https:\/\/skg-ssdp.ch\/fr\/evenements\/","name":"\u00c9V\u00c9NEMENTS - skg-ssdp","isPartOf":{"@id":"https:\/\/skg-ssdp.ch\/#website"},"datePublished":"2015-07-16T14:24:02+00:00","dateModified":"2026-02-26T17:47:37+00:00","breadcrumb":{"@id":"https:\/\/skg-ssdp.ch\/fr\/evenements\/#breadcrumb"},"inLanguage":"fr-FR","potentialAction":[{"@type":"ReadAction","target":["https:\/\/skg-ssdp.ch\/fr\/evenements\/"]}]},{"@type":"BreadcrumbList","@id":"https:\/\/skg-ssdp.ch\/fr\/evenements\/#breadcrumb","itemListElement":[{"@type":"ListItem","position":1,"name":"Startseite","item":"https:\/\/skg-ssdp.ch\/fr\/"},{"@type":"ListItem","position":2,"name":"\u00c9V\u00c9NEMENTS"}]},{"@type":"WebSite","@id":"https:\/\/skg-ssdp.ch\/#website","url":"https:\/\/skg-ssdp.ch\/","name":"skg-ssdp","description":"Schweizerische Kriminalistische Gesellschaft","potentialAction":[{"@type":"SearchAction","target":{"@type":"EntryPoint","urlTemplate":"https:\/\/skg-ssdp.ch\/?s={search_term_string}"},"query-input":{"@type":"PropertyValueSpecification","valueRequired":true,"valueName":"search_term_string"}}],"inLanguage":"fr-FR"}]}},"_links":{"self":[{"href":"https:\/\/skg-ssdp.ch\/fr\/wp-json\/wp\/v2\/pages\/2670","targetHints":{"allow":["GET"]}}],"collection":[{"href":"https:\/\/skg-ssdp.ch\/fr\/wp-json\/wp\/v2\/pages"}],"about":[{"href":"https:\/\/skg-ssdp.ch\/fr\/wp-json\/wp\/v2\/types\/page"}],"author":[{"embeddable":true,"href":"https:\/\/skg-ssdp.ch\/fr\/wp-json\/wp\/v2\/users\/1"}],"replies":[{"embeddable":true,"href":"https:\/\/skg-ssdp.ch\/fr\/wp-json\/wp\/v2\/comments?post=2670"}],"version-history":[{"count":41,"href":"https:\/\/skg-ssdp.ch\/fr\/wp-json\/wp\/v2\/pages\/2670\/revisions"}],"predecessor-version":[{"id":3883,"href":"https:\/\/skg-ssdp.ch\/fr\/wp-json\/wp\/v2\/pages\/2670\/revisions\/3883"}],"wp:featuredmedia":[{"embeddable":true,"href":"https:\/\/skg-ssdp.ch\/fr\/wp-json\/"}],"wp:attachment":[{"href":"https:\/\/skg-ssdp.ch\/fr\/wp-json\/wp\/v2\/media?parent=2670"}],"curies":[{"name":"wp","href":"https:\/\/api.w.org\/{rel}","templated":true}]}}